{"id":320,"date":"2024-12-22T22:37:18","date_gmt":"2024-12-22T22:37:18","guid":{"rendered":"https:\/\/regional.com.co\/s\/?page_id=320"},"modified":"2025-02-01T12:22:53","modified_gmt":"2025-02-01T12:22:53","slug":"servicios","status":"publish","type":"page","link":"https:\/\/regional.com.co\/s\/","title":{"rendered":"Servicios"},"content":{"rendered":"<div class=\"wpb-content-wrapper\"><p>[vc_row use_container=\u00bbyes\u00bb][vc_column][ts_section_title animate_block=\u00bbyes\u00bb animation_type=\u00bbfadeIn\u00bb tagline=\u00bbNuestros caf\u00e9s provienen directamente de las fincas con las cuales REGIONAL establece alianzas que promueven el mejoramiento sustentable de sus cultivos..\u00bb][vc_row_inner css=\u00bb.vc_custom_1736733220304{margin-top: 0px !important;margin-bottom: 60px !important;padding-top: 140px !important;padding-right: 50px !important;padding-bottom: 80px !important;padding-left: 50px !important;background-image: url(https:\/\/regional.com.co\/s\/wp-content\/uploads\/2025\/01\/dgc_img-01-1-scaled.jpg?id=405) !important;background-position: center !important;background-repeat: no-repeat !important;background-size: cover !important;border-radius: 20px !important;}\u00bb][vc_column_inner width=\u00bb2\/3&#8243;][vc_single_image image=\u00bb319&#8243; img_size=\u00bbfull\u00bb css=\u00bb\u00bb][vc_column_text css=\u00bb\u00bb]<span style=\"color: #ffffff;\">\u00danete a Regional Datify y accede a las estadisticas de nuestros servicios, informaci\u00f3n exclusiva del sector.<\/span>[\/vc_column_text][\/vc_column_inner][vc_column_inner width=\u00bb1\/3&#8243;][vc_btn title=\u00bbINGRESAR\u00bb style=\u00bbflat\u00bb color=\u00bbdanger\u00bb align=\u00bbcenter\u00bb css=\u00bb\u00bb button_block=\u00bbtrue\u00bb link=\u00bburl:https%3A%2F%2Fregional.com.co%2Fdatify%2F|target:_blank\u00bb][vc_btn title=\u00bbSOLICITAR ACCESO\u00bb style=\u00bbflat\u00bb color=\u00bbdefault\u00bb align=\u00bbcenter\u00bb css=\u00bb\u00bb button_block=\u00bbtrue\u00bb][\/vc_column_inner][\/vc_row_inner][ts_section_title animate_block=\u00bbyes\u00bb animation_type=\u00bbfadeIn\u00bb title=\u00bbInvestigaci\u00f3n\u00bb][vc_row_inner css=\u00bb.vc_custom_1582999108128{margin-bottom: 30px !important;}\u00bb][vc_column_inner width=\u00bb1\/3&#8243;][ts_icon_content_block animate_block=\u00bbyes\u00bb animation_type=\u00bbfadeIn\u00bb index=\u00bbEstimativos de cosecha\u00bb icon=\u00bb414&#8243;]Dise\u00f1amos programas para el an\u00e1lisis de las cosechas aplicando modelos estad\u00edsticos que nos permiten valorar el rendimiento de los cultivos, el impacto del clima y los efectos de plagas y enfermedades a trav\u00e9s de la implementaci\u00f3n de \u201cCrop Surveys\u201d tanto en Colombia como en Centro Am\u00e9rica.[\/ts_icon_content_block][\/vc_column_inner][vc_column_inner width=\u00bb1\/3&#8243;][ts_icon_content_block animate_block=\u00bbyes\u00bb animation_type=\u00bbfadeIn\u00bb index=\u00bbLevantamiento de l\u00edneas base y estudios a nivel de campo\u00bb icon=\u00bb415&#8243; animation_delay=\u00bb0.2s\u00bb]Nuestra amplia trayectoria nos permite ofrecer una extensa base de datos con m\u00e1s de 4.000 productores registrados en m\u00e1s de 200 regiones cafeteras en Colombia y Centro Am\u00e9rica, con los cuales podras desarrollar todo tipo de estudios, encuestas o metodos de evaluaci\u00f3n.[\/ts_icon_content_block][\/vc_column_inner][vc_column_inner width=\u00bb1\/3&#8243;][ts_icon_content_block animate_block=\u00bbyes\u00bb animation_type=\u00bbfadeIn\u00bb index=\u00bbPruebas de campo\u00bb icon=\u00bb412&#8243; animation_delay=\u00bb0.4s\u00bb]Implementaci\u00f3n de un metodo de evaluaci\u00f3n para determinar el impacto o comportamiento de un insumo en el desarrollo general de un cultivo.[\/ts_icon_content_block][\/vc_column_inner][\/vc_row_inner][vc_row_inner css=\u00bb.vc_custom_1582999108128{margin-bottom: 30px !important;}\u00bb][vc_column_inner width=\u00bb1\/3&#8243;][ts_icon_content_block animate_block=\u00bbyes\u00bb animation_type=\u00bbfadeIn\u00bb index=\u00bbClima\u00bb icon=\u00bb413&#8243; animation_delay=\u00bb0.2s\u00bb]Accede a datos clim\u00e1ticos actualizados en estaciones de diferentes regiones del pa\u00eds. Analiza la influencia del clima en tus cultivos y toma decisiones estrat\u00e9gicas para adaptarte a las condiciones meteorol\u00f3gicas.[\/ts_icon_content_block][\/vc_column_inner][vc_column_inner width=\u00bb1\/3&#8243;][ts_icon_content_block animate_block=\u00bbyes\u00bb animation_type=\u00bbfadeIn\u00bb index=\u00bbCostos de Produccion COP\u00bb icon=\u00bb417&#8243; animation_delay=\u00bb0.4s\u00bb]Conoce los costos exactos de producci\u00f3n de caf\u00e9 en cada regi\u00f3n y optimiza tus recursos. Desde la preparaci\u00f3n del terreno hasta la cosecha, obt\u00e9n una l\u00ednea base detallada de los costos asociados con cada actividad del cultivo para una gesti\u00f3n eficiente y rentable.[\/ts_icon_content_block][\/vc_column_inner][vc_column_inner width=\u00bb1\/3&#8243;][ts_icon_content_block animate_block=\u00bbyes\u00bb animation_type=\u00bbfadeIn\u00bb index=\u00bbEUDR\u00bb icon=\u00bb418&#8243;]Obt\u00e9n toda la informaci\u00f3n necesaria para cumplir con el Reglamento de Deforestaci\u00f3n de la Uni\u00f3n Europea (EUDR) 2023\/1115. Incluye servicios de georreferenciaci\u00f3n agr\u00edcola y estad\u00edsticas para asegurar la trazabilidad de tu producci\u00f3n.[\/ts_icon_content_block][\/vc_column_inner][\/vc_row_inner][vc_row_inner css=\u00bb.vc_custom_1582999108128{margin-bottom: 30px !important;}\u00bb][vc_column_inner width=\u00bb1\/3&#8243;][ts_icon_content_block animate_block=\u00bbyes\u00bb animation_type=\u00bbfadeIn\u00bb index=\u00bbHuella de Carbono\u00bb icon=\u00bb419&#8243; animation_delay=\u00bb0.2s\u00bb]Eval\u00faa la huella de carbono de tu producci\u00f3n cafetera con herramientas avanzadas. Conoce el impacto de tus actividades en el medio ambiente y accede a metodolog\u00edas validadas para reducir las emisiones de CO2 y regenerar tus cultivos.[\/ts_icon_content_block][\/vc_column_inner][vc_column_inner width=\u00bb1\/3&#8243;][ts_icon_content_block animate_block=\u00bbyes\u00bb animation_type=\u00bbfadeIn\u00bb index=\u00bbReporte Comercial\u00bb icon=\u00bb411&#8243; animation_delay=\u00bb0.4s\u00bb]Obt\u00e9n estad\u00edsticas detalladas sobre exportaci\u00f3n, importaci\u00f3n y el comportamiento del mercado. Los reportes comerciales de Regional Datify te brindan la informaci\u00f3n que necesitas para posicionar mejor tu caf\u00e9 en los mercados internacionales.[\/ts_icon_content_block][\/vc_column_inner][vc_column_inner width=\u00bb1\/3&#8243;][\/vc_column_inner][\/vc_row_inner][vc_btn title=\u00bbAGENDAR CITA\u00bb style=\u00bbclassic\u00bb shape=\u00bbsquare\u00bb color=\u00bbjuicy-pink\u00bb css=\u00bb.vc_custom_1735840688775{border-color: #DB332A !important;}\u00bb link=\u00bburl:https%3A%2F%2Fregional.com.co%2Fes%2Fhola%2F\u00bb][\/vc_column][\/vc_row][vc_row full_width=\u00bbstretch_row_content_no_spaces\u00bb content_placement=\u00bbmiddle\u00bb conter_content=\u00bbyes\u00bb css=\u00bb.vc_custom_1735836332084{background-color: #DB332A !important;}\u00bb el_class=\u00bboverflow-none\u00bb][vc_column][vc_row_inner content_placement=\u00bbmiddle\u00bb wrap_container=\u00bbyes\u00bb el_class=\u00bbcontainer\u00bb][vc_column_inner width=\u00bb1\/2&#8243;][vc_column_text css=\u00bb\u00bb]<\/p>\n<h4 style=\"text-align: left;\"><span style=\"color: #ffffff;\"><strong>Est\u00e1ndares de<\/strong><\/span><br \/>\n<span style=\"color: #ffffff;\"><strong>sostenibilidad<\/strong><\/span><\/h4>\n<p style=\"text-align: left;\"><span style=\"color: #ffffff;\">Las diferentes normas o procedimientos que debe cumplir una finca, trilladora, exportadora u otro actor de la cadena en las diferentes etapas; desde la producci\u00f3n hasta el procesamiento y comercializaci\u00f3n para el manejo de un producto.<\/span><\/p>\n<p>[\/vc_column_text][\/vc_column_inner][vc_column_inner width=\u00bb1\/2&#8243;][vc_single_image image=\u00bb349&#8243; img_size=\u00bb768&#215;570&#8243; alignment=\u00bbcenter\u00bb css=\u00bb.vc_custom_1735829168254{margin-top: -60px !important;margin-bottom: -60px !important;}\u00bb][\/vc_column_inner][\/vc_row_inner][\/vc_column][\/vc_row][vc_row anchor_wrap_section=\u00bbno\u00bb use_container=\u00bbyes\u00bb][vc_column][vc_row_inner gap=\u00bb20&#8243; css=\u00bb.vc_custom_1735843233231{margin-bottom: 30px !important;}\u00bb][vc_column_inner width=\u00bb1\/3&#8243;][vc_column_text css=\u00bb.vc_custom_1735843309468{border-top-width: 1px !important;border-right-width: 1px !important;border-bottom-width: 1px !important;border-left-width: 1px !important;padding-top: 30px !important;padding-right: 30px !important;padding-bottom: 30px !important;padding-left: 30px !important;border-left-style: solid !important;border-right-style: solid !important;border-top-style: solid !important;border-bottom-style: solid !important;border-color: #7C7C7C !important;}\u00bb]<\/p>\n<h5><strong>Producci\u00f3n<\/strong><\/h5>\n<p>Con un equipo de profesionales en campo, implementamos y administramos los diferentes est\u00e1ndares de certificaci\u00f3n en fincas de todo tipo de tama\u00f1o y producci\u00f3n, desarrollando grupos de productores a lo largo del pa\u00eds.<\/p>\n<p>Nuestro Sistema Interno de Gesti\u00f3n incluye la certificaci\u00f3n de Buenas Practicas Agr\u00edcolas, asegurando mejor calidad de producto y reduciendo el impacto ambiental.[\/vc_column_text][\/vc_column_inner][vc_column_inner width=\u00bb1\/3&#8243;][vc_column_text css=\u00bb.vc_custom_1735822344690{border-top-width: 1px !important;border-right-width: 1px !important;border-bottom-width: 1px !important;border-left-width: 1px !important;padding-top: 30px !important;padding-right: 30px !important;padding-bottom: 30px !important;padding-left: 30px !important;border-left-style: solid !important;border-right-style: solid !important;border-top-style: solid !important;border-bottom-style: solid !important;border-color: #7C7C7C !important;}\u00bb]<\/p>\n<h5><strong>Proceso<\/strong><\/h5>\n<p>Implementamos los protocolos para trilladoras y torrefactoras que deseen certificarse en uno o varios de los est\u00e1ndares que hacen parte del mundo de los caf\u00e9s certificados.[\/vc_column_text][\/vc_column_inner][vc_column_inner width=\u00bb1\/3&#8243;][vc_column_text css=\u00bb.vc_custom_1735822421739{border-top-width: 1px !important;border-right-width: 1px !important;border-bottom-width: 1px !important;border-left-width: 1px !important;padding-top: 30px !important;padding-right: 30px !important;padding-bottom: 30px !important;padding-left: 30px !important;border-left-style: solid !important;border-right-style: solid !important;border-top-style: solid !important;border-bottom-style: solid !important;border-color: #7C7C7C !important;}\u00bb]<\/p>\n<h5><strong>Comercio<\/strong><\/h5>\n<p>Para exportadores locales y Multinacionales establecemos los procedimientos necesarios para el comercio y distribuci\u00f3n del producto final procesado y certificado ( Organic, Rainforest y Utz, Fair Trade).[\/vc_column_text][\/vc_column_inner][\/vc_row_inner][\/vc_column][\/vc_row][vc_row anchor_wrap_section=\u00bbno\u00bb use_container=\u00bbyes\u00bb css=\u00bb.vc_custom_1735842720369{padding-bottom: 90px !important;}\u00bb][vc_column][vc_row_inner][vc_column_inner width=\u00bb1\/2&#8243;][vc_column_text css=\u00bb\u00bb]<img decoding=\"async\" class=\"\" src=\"https:\/\/regional.com.co\/es\/\/img\/servicios\/rainforest.png\" alt=\"\" \/><\/p>\n<p class=\"\"><strong>Rainforest<\/strong><\/p>\n<p>Son productos cultivados responsablemente, que generan menor impacto a los bosques, reservas de agua y \u00e1reas protegidas, aportando al paisaje cultural cafetero y a la conservaci\u00f3n del medio ambiente.[\/vc_column_text][\/vc_column_inner][vc_column_inner width=\u00bb1\/2&#8243;][vc_column_text css=\u00bb\u00bb]<img decoding=\"async\" class=\"\" src=\"https:\/\/regional.com.co\/es\/\/img\/servicios\/utz.png\" alt=\"\" \/><\/p>\n<p class=\"\"><strong>Utz y Fair Trade<\/strong><\/p>\n<p>Caracter\u00edza a los caf\u00e9s que contribuyen al desarrollo social de los caficultores, sus familias y las personas que contribuyen al trabajo diario del cultivo.[\/vc_column_text][\/vc_column_inner][\/vc_row_inner][vc_btn title=\u00bbAGENDAR CITA\u00bb style=\u00bbclassic\u00bb shape=\u00bbsquare\u00bb color=\u00bbjuicy-pink\u00bb css=\u00bb.vc_custom_1735840688775{border-color: #DB332A !important;}\u00bb link=\u00bburl:https%3A%2F%2Fregional.com.co%2Fes%2Fhola%2F\u00bb][\/vc_column][\/vc_row][vc_row use_container=\u00bbyes\u00bb section_background_image=\u00bb379&#8243;][vc_column][vc_column_text css=\u00bb\u00bb]<\/p>\n<h2 style=\"text-align: center;\"><span style=\"color: #ffffff;\"><strong>Proyectos sostenibles<\/strong><\/span><\/h2>\n<p style=\"text-align: center;\"><span style=\"color: #ffffff;\">Gestionamos el desarrollo de nuevos programas o proyectos en alianza con instituciones locales o extranjeras, p\u00fablicas o privadas con enfoques de sostenibilidad, investigaci\u00f3n y apoyo al sector productor.<\/span><\/p>\n<p style=\"text-align: center;\"><span style=\"color: #ffffff;\"><strong>Haz parte de nuestros proyectos.<\/strong><\/span><\/p>\n<p>[\/vc_column_text][\/vc_column][\/vc_row]<\/p>\n<\/div>","protected":false},"excerpt":{"rendered":"<p>[vc_row use_container=\u00bbyes\u00bb][vc_column][ts_section_title animate_block=\u00bbyes\u00bb animation_type=\u00bbfadeIn\u00bb tagline=\u00bbNuestros caf\u00e9s provienen directamente de las fincas con las cuales REGIONAL establece alianzas que promueven el mejoramiento sustentable de sus cultivos..\u00bb][vc_row_inner css=\u00bb.vc_custom_1736733220304{margin-top: 0px !important;margin-bottom: 60px !important;padding-top: 140px !important;padding-right: 50px !important;padding-bottom: 80px !important;padding-left: 50px !important;background-image: url(https:\/\/regional.com.co\/s\/wp-content\/uploads\/2025\/01\/dgc_img-01-1-scaled.jpg?id=405) !important;background-position: center !important;background-repeat: no-repeat !important;background-size: cover !important;border-radius: 20px !important;}\u00bb][vc_column_inner width=\u00bb2\/3&#8243;][vc_single_image image=\u00bb319&#8243; img_size=\u00bbfull\u00bb css=\u00bb\u00bb][vc_column_text css=\u00bb\u00bb]\u00danete a Regional [&hellip;]<\/p>\n","protected":false},"author":1,"featured_media":0,"parent":0,"menu_order":0,"comment_status":"closed","ping_status":"closed","template":"page-builder.php","meta":{"_monsterinsights_skip_tracking":false,"_monsterinsights_sitenote_active":false,"_monsterinsights_sitenote_note":"","_monsterinsights_sitenote_category":0,"footnotes":""},"class_list":["post-320","page","type-page","status-publish","hentry"],"aioseo_notices":[],"acf":[],"_links":{"self":[{"href":"https:\/\/regional.com.co\/s\/wp-json\/wp\/v2\/pages\/320","targetHints":{"allow":["GET"]}}],"collection":[{"href":"https:\/\/regional.com.co\/s\/wp-json\/wp\/v2\/pages"}],"about":[{"href":"https:\/\/regional.com.co\/s\/wp-json\/wp\/v2\/types\/page"}],"author":[{"embeddable":true,"href":"https:\/\/regional.com.co\/s\/wp-json\/wp\/v2\/users\/1"}],"replies":[{"embeddable":true,"href":"https:\/\/regional.com.co\/s\/wp-json\/wp\/v2\/comments?post=320"}],"version-history":[{"count":60,"href":"https:\/\/regional.com.co\/s\/wp-json\/wp\/v2\/pages\/320\/revisions"}],"predecessor-version":[{"id":438,"href":"https:\/\/regional.com.co\/s\/wp-json\/wp\/v2\/pages\/320\/revisions\/438"}],"wp:attachment":[{"href":"https:\/\/regional.com.co\/s\/wp-json\/wp\/v2\/media?parent=320"}],"curies":[{"name":"wp","href":"https:\/\/api.w.org\/{rel}","templated":true}]}}